{"id":3118,"date":"2024-01-21T03:44:26","date_gmt":"2024-01-21T03:44:26","guid":{"rendered":"https:\/\/brentharshlaw.com\/blog\/"},"modified":"2024-01-21T03:44:37","modified_gmt":"2024-01-21T03:44:37","slug":"blog","status":"publish","type":"page","link":"https:\/\/brentharshlaw.com\/es\/blog\/","title":{"rendered":"Blog"},"content":{"rendered":"[vc_row type=\u00bbfull_width_background\u00bb full_screen_row_position=\u00bbmiddle\u00bb column_margin=\u00bbdefault\u00bb column_direction=\u00bbdefault\u00bb column_direction_tablet=\u00bbdefault\u00bb column_direction_phone=\u00bbdefault\u00bb bg_image=\u00bb2868&#8243; bg_position=\u00bbcenter center\u00bb background_image_loading=\u00bbdefault\u00bb bg_repeat=\u00bbno-repeat\u00bb scene_position=\u00bbcenter\u00bb top_padding=\u00bb5%\u00bb bottom_padding=\u00bb5%\u00bb text_color=\u00bbdark\u00bb text_align=\u00bbleft\u00bb row_border_radius=\u00bbnone\u00bb row_border_radius_applies=\u00bbbg\u00bb overflow=\u00bbvisible\u00bb color_overlay=\u00bbrgba(18,44,64,0.66)\u00bb overlay_strength=\u00bb0.8&#8243; gradient_direction=\u00bbleft_to_right\u00bb shape_divider_position=\u00bbbottom\u00bb bg_image_animation=\u00bbzoom-out-slow\u00bb parallax_bg=\u00bbtrue\u00bb parallax_bg_speed=\u00bbslow\u00bb gradient_type=\u00bbdefault\u00bb shape_type=\u00bb\u00bb][vc_column column_padding=\u00bbno-extra-padding\u00bb column_padding_tablet=\u00bbinherit\u00bb column_padding_phone=\u00bbinherit\u00bb column_padding_position=\u00bball\u00bb column_element_direction_desktop=\u00bbdefault\u00bb column_element_spacing=\u00bbdefault\u00bb desktop_text_alignment=\u00bbdefault\u00bb tablet_text_alignment=\u00bbdefault\u00bb phone_text_alignment=\u00bbdefault\u00bb background_color_opacity=\u00bb1&#8243; background_hover_color_opacity=\u00bb1&#8243; column_backdrop_filter=\u00bbnone\u00bb font_color=\u00bb#e8e3e2&#8243; column_shadow=\u00bbnone\u00bb column_border_radius=\u00bbnone\u00bb column_link_target=\u00bb_self\u00bb column_position=\u00bbdefault\u00bb gradient_direction=\u00bbleft_to_right\u00bb overlay_strength=\u00bb0.3&#8243; width=\u00bb1\/1&#8243; tablet_width_inherit=\u00bbdefault\u00bb animation_type=\u00bbdefault\u00bb bg_image_animation=\u00bbnone\u00bb border_type=\u00bbsimple\u00bb column_border_width=\u00bbnone\u00bb column_border_style=\u00bbsolid\u00bb column_padding_type=\u00bbdefault\u00bb gradient_type=\u00bbdefault\u00bb][vc_custom_heading text=\u00bbNoticias y art\u00edculos sobre da\u00f1os corporales\u00bb font_container=\u00bbtag:h1|text_align:left\u00bb use_theme_fonts=\u00bbyes\u00bb][vc_custom_heading text=\u00bbMant\u00e9ngase al d\u00eda de las \u00faltimas noticias e informaci\u00f3n.\u00bb font_container=\u00bbtag:h2|font_size:36|text_align:left|line_height:40px\u00bb use_theme_fonts=\u00bbyes\u00bb css=\u00bb.vc_custom_1704851408042{padding-top: 30px !important;padding-bottom: 30px !important;}\u00bb el_class=\u00bbh2-custom-mobile max-text\u00bb][nectar_cta btn_style=\u00bbnext-section\u00bb btn_type=\u00bbdown-arrow-bounce\u00bb next_section_color=\u00bb#698499&#8243; next_section_down_arrow_animation=\u00bbdefault\u00bb next_section_shadow=\u00bbnone\u00bb alignment=\u00bbleft\u00bb alignment_tablet=\u00bbdefault\u00bb alignment_phone=\u00bbdefault\u00bb display_tablet=\u00bbinherit\u00bb display_phone=\u00bbinherit\u00bb][\/vc_column][\/vc_row][vc_row type=\u00bbin_container\u00bb full_screen_row_position=\u00bbmiddle\u00bb column_margin=\u00bbdefault\u00bb column_direction=\u00bbdefault\u00bb column_direction_tablet=\u00bbdefault\u00bb column_direction_phone=\u00bbdefault\u00bb scene_position=\u00bbcenter\u00bb top_padding=\u00bb5%\u00bb text_color=\u00bbdark\u00bb text_align=\u00bbleft\u00bb row_border_radius=\u00bbnone\u00bb row_border_radius_applies=\u00bbbg\u00bb overflow=\u00bbvisible\u00bb overlay_strength=\u00bb0.3&#8243; gradient_direction=\u00bbleft_to_right\u00bb shape_divider_position=\u00bbbottom\u00bb bg_image_animation=\u00bbnone\u00bb shape_type=\u00bb\u00bb][vc_column column_padding=\u00bbno-extra-padding\u00bb column_padding_tablet=\u00bbinherit\u00bb column_padding_phone=\u00bbinherit\u00bb column_padding_position=\u00bball\u00bb column_element_direction_desktop=\u00bbdefault\u00bb column_element_spacing=\u00bbdefault\u00bb desktop_text_alignment=\u00bbdefault\u00bb tablet_text_alignment=\u00bbdefault\u00bb phone_text_alignment=\u00bbdefault\u00bb background_color_opacity=\u00bb1&#8243; background_hover_color_opacity=\u00bb1&#8243; column_backdrop_filter=\u00bbnone\u00bb column_shadow=\u00bbnone\u00bb column_border_radius=\u00bbnone\u00bb column_link_target=\u00bb_self\u00bb column_position=\u00bbdefault\u00bb gradient_direction=\u00bbleft_to_right\u00bb overlay_strength=\u00bb0.3&#8243; width=\u00bb1\/1&#8243; tablet_width_inherit=\u00bbdefault\u00bb animation_type=\u00bbdefault\u00bb bg_image_animation=\u00bbnone\u00bb border_type=\u00bbsimple\u00bb column_border_width=\u00bbnone\u00bb column_border_style=\u00bbsolid\u00bb][nectar_post_grid post_type=\u00bbpost\u00bb blog_category=\u00bbboating-law,car-accident,car-accident-attorneys,commercial-vehicle-accident,media,medical-malpractice,motorcycle-accident,personal-injury,reno-legal-news,slip-and-fall-accident,wrongful-death\u00bb order=\u00bbDESC\u00bb orderby=\u00bbdate\u00bb pagination=\u00bbnone\u00bb columns=\u00bb1&#8243; columns_tablet=\u00bbdefault\u00bb columns_phone=\u00bbdefault\u00bb grid_item_spacing=\u00bbnone\u00bb grid_item_height=\u00bb40vh\u00bb image_size=\u00bblarge\u00bb image_loading=\u00bbdefault\u00bb animation=\u00bbnone\u00bb animation_stagger=\u00bb90&#8243; animation_easing=\u00bbdefault\u00bb heading_tag=\u00bbdefault\u00bb display_excerpt=\u00bbyes\u00bb excerpt_display=\u00bbdefault\u00bb display_date=\u00bbyes\u00bb display_estimated_reading_time=\u00bbyes\u00bb additional_meta_size=\u00bbdefault\u00bb grid_style=\u00bbcontent_overlaid\u00bb text_content_layout=\u00bball_middle\u00bb color_overlay=\u00bb#122c40&#8243; color_overlay_opacity=\u00bb0.3&#8243; color_overlay_hover_opacity=\u00bb0.4&#8243; text_color=\u00bblight\u00bb text_color_hover=\u00bblight\u00bb text_opacity=\u00bb1&#8243; text_hover_opacity=\u00bb1&#8243; hover_effect=\u00bbzoom\u00bb border_radius=\u00bb5px\u00bb posts_per_page=\u00bb1&#8243; display_type=\u00bbgrid\u00bb][nectar_post_grid post_type=\u00bbpost\u00bb blog_category=\u00bbboating-law,car-accident,car-accident-attorneys,commercial-vehicle-accident,medical-malpractice,motorcycle-accident,personal-injury,reno-legal-news,slip-and-fall-accident,wrongful-death\u00bb order=\u00bbDESC\u00bb orderby=\u00bbdate\u00bb pagination=\u00bbload-more\u00bb button_color=\u00bbaccent-color\u00bb columns=\u00bb3&#8243; columns_tablet=\u00bbdefault\u00bb columns_phone=\u00bbdefault\u00bb grid_item_spacing=\u00bb15px\u00bb image_size=\u00bbmedium\u00bb content_next_to_image_image_width=\u00bbdefault\u00bb content_next_to_image_image_gap=\u00bbdefault\u00bb content_next_to_image_image_position=\u00bbleft\u00bb image_loading=\u00bbdefault\u00bb animation=\u00bbnone\u00bb animation_stagger=\u00bb90&#8243; animation_easing=\u00bbdefault\u00bb heading_tag=\u00bbdefault\u00bb display_date=\u00bbyes\u00bb display_estimated_reading_time=\u00bbyes\u00bb additional_meta_size=\u00bbsmall\u00bb grid_style=\u00bbcontent_next_to_image\u00bb text_color=\u00bbdark\u00bb content_next_to_image_vertical_align=\u00bbmiddle\u00bb hover_effect=\u00bbzoom\u00bb border_radius=\u00bb5px\u00bb read_more_button=\u00bbyes\u00bb posts_per_page=\u00bb20&#8243; display_type=\u00bbgrid\u00bb custom_font_size=\u00bb28&#8243; font_line_height=\u00bb30px\u00bb post_offset=\u00bb1&#8243;][\/vc_column][\/vc_row]\n","protected":false},"excerpt":{"rendered":"<p>[vc_row type=\u00bbfull_width_background\u00bb full_screen_row_position=\u00bbmiddle\u00bb column_margin=\u00bbdefault\u00bb column_direction=\u00bbdefault\u00bb column_direction_tablet=\u00bbdefault\u00bb column_direction_phone=\u00bbdefault\u00bb bg_image=\u00bb2868&#8243; bg_position=\u00bbcenter center\u00bb background_image_loading=\u00bbdefault\u00bb bg_repeat=\u00bbno-repeat\u00bb scene_position=\u00bbcenter\u00bb top_padding=\u00bb5%\u00bb bottom_padding=\u00bb5%\u00bb text_color=\u00bbdark\u00bb text_align=\u00bbleft\u00bb row_border_radius=\u00bbnone\u00bb row_border_radius_applies=\u00bbbg\u00bb overflow=\u00bbvisible\u00bb color_overlay=\u00bbrgba(18,44,64,0.66)\u00bb overlay_strength=\u00bb0.8&#8243; gradient_direction=\u00bbleft_to_right\u00bb shape_divider_position=\u00bbbottom\u00bb bg_image_animation=\u00bbzoom-out-slow\u00bb parallax_bg=\u00bbtrue\u00bb parallax_bg_speed=\u00bbslow\u00bb gradient_type=\u00bbdefault\u00bb shape_type=\u00bb\u00bb][vc_column column_padding=\u00bbno-extra-padding\u00bb column_padding_tablet=\u00bbinherit\u00bb column_padding_phone=\u00bbinherit\u00bb column_padding_position=\u00bball\u00bb column_element_direction_desktop=\u00bbdefault\u00bb column_element_spacing=\u00bbdefault\u00bb desktop_text_alignment=\u00bbdefault\u00bb tablet_text_alignment=\u00bbdefault\u00bb phone_text_alignment=\u00bbdefault\u00bb background_color_opacity=\u00bb1&#8243; background_hover_color_opacity=\u00bb1&#8243;&#8230;<\/p>\n","protected":false},"author":3,"featured_media":0,"parent":0,"menu_order":0,"comment_status":"closed","ping_status":"closed","template":"","meta":{"footnotes":""},"class_list":["post-3118","page","type-page","status-publish"],"yoast_head":"<!-- This site is optimized with the Yoast SEO plugin v27.2 - https:\/\/yoast.com\/product\/yoast-seo-wordpress\/ -->\n<title>Blog - Brent Harsh Law<\/title>\n<meta name=\"description\" content=\"En el blog de Coulter Harsh encontrar\u00e1 muchos recursos sobre accidentes de tr\u00e1fico, lesiones personales y asuntos relacionados.\" \/>\n<meta name=\"robots\" content=\"index, follow, max-snippet:-1, max-image-preview:large, max-video-preview:-1\" \/>\n<link rel=\"canonical\" href=\"https:\/\/brentharshlaw.com\/es\/blog\/\" \/>\n<meta property=\"og:locale\" content=\"es_ES\" \/>\n<meta property=\"og:type\" content=\"article\" \/>\n<meta property=\"og:title\" content=\"Blog - Brent Harsh Law\" \/>\n<meta property=\"og:description\" content=\"En el blog de Coulter Harsh encontrar\u00e1 muchos recursos sobre accidentes de tr\u00e1fico, lesiones personales y asuntos relacionados.\" \/>\n<meta property=\"og:url\" content=\"https:\/\/brentharshlaw.com\/es\/blog\/\" \/>\n<meta property=\"og:site_name\" content=\"Brent Harsh Law\" \/>\n<meta property=\"article:modified_time\" content=\"2024-01-21T03:44:37+00:00\" \/>\n<meta name=\"twitter:card\" content=\"summary_large_image\" \/>\n<meta name=\"twitter:label1\" content=\"Tiempo de lectura\" \/>\n\t<meta name=\"twitter:data1\" content=\"4 minutos\" \/>\n<script type=\"application\/ld+json\" class=\"yoast-schema-graph\">{\"@context\":\"https:\/\/schema.org\",\"@graph\":[{\"@type\":\"WebPage\",\"@id\":\"https:\/\/brentharshlaw.com\/es\/blog\/\",\"url\":\"https:\/\/brentharshlaw.com\/es\/blog\/\",\"name\":\"Blog - Brent Harsh Law\",\"isPartOf\":{\"@id\":\"https:\/\/brentharshlaw.com\/es\/#website\"},\"datePublished\":\"2024-01-21T03:44:26+00:00\",\"dateModified\":\"2024-01-21T03:44:37+00:00\",\"description\":\"En el blog de Coulter Harsh encontrar\u00e1 muchos recursos sobre accidentes de tr\u00e1fico, lesiones personales y asuntos relacionados.\",\"breadcrumb\":{\"@id\":\"https:\/\/brentharshlaw.com\/es\/blog\/#breadcrumb\"},\"inLanguage\":\"es\",\"potentialAction\":[{\"@type\":\"ReadAction\",\"target\":[\"https:\/\/brentharshlaw.com\/es\/blog\/\"]}]},{\"@type\":\"BreadcrumbList\",\"@id\":\"https:\/\/brentharshlaw.com\/es\/blog\/#breadcrumb\",\"itemListElement\":[{\"@type\":\"ListItem\",\"position\":1,\"name\":\"Home\",\"item\":\"https:\/\/brentharshlaw.com\/es\/inicio-nuevo\/\"},{\"@type\":\"ListItem\",\"position\":2,\"name\":\"Blog\"}]},{\"@type\":\"WebSite\",\"@id\":\"https:\/\/brentharshlaw.com\/es\/#website\",\"url\":\"https:\/\/brentharshlaw.com\/es\/\",\"name\":\"Brent Harsh Law\",\"description\":\"\",\"publisher\":{\"@id\":\"https:\/\/brentharshlaw.com\/es\/#organization\"},\"alternateName\":\"Personal Injury Attorneys\",\"potentialAction\":[{\"@type\":\"SearchAction\",\"target\":{\"@type\":\"EntryPoint\",\"urlTemplate\":\"https:\/\/brentharshlaw.com\/es\/?s={search_term_string}\"},\"query-input\":{\"@type\":\"PropertyValueSpecification\",\"valueRequired\":true,\"valueName\":\"search_term_string\"}}],\"inLanguage\":\"es\"},{\"@type\":\"Organization\",\"@id\":\"https:\/\/brentharshlaw.com\/es\/#organization\",\"name\":\"Brent Harsh Law\",\"url\":\"https:\/\/brentharshlaw.com\/es\/\",\"logo\":{\"@type\":\"ImageObject\",\"inLanguage\":\"es\",\"@id\":\"https:\/\/brentharshlaw.com\/es\/#\/schema\/logo\/image\/\",\"url\":\"https:\/\/brentharshlaw.com\/wp-content\/uploads\/2023\/11\/Brent-Harsh-Law-Logo-blue.png\",\"contentUrl\":\"https:\/\/brentharshlaw.com\/wp-content\/uploads\/2023\/11\/Brent-Harsh-Law-Logo-blue.png\",\"width\":1636,\"height\":508,\"caption\":\"Brent Harsh Law\"},\"image\":{\"@id\":\"https:\/\/brentharshlaw.com\/es\/#\/schema\/logo\/image\/\"}}]}<\/script>\n<!-- \/ Yoast SEO plugin. -->","yoast_head_json":{"title":"Blog - Brent Harsh Law","description":"En el blog de Coulter Harsh encontrar\u00e1 muchos recursos sobre accidentes de tr\u00e1fico, lesiones personales y asuntos relacionados.","robots":{"index":"index","follow":"follow","max-snippet":"max-snippet:-1","max-image-preview":"max-image-preview:large","max-video-preview":"max-video-preview:-1"},"canonical":"https:\/\/brentharshlaw.com\/es\/blog\/","og_locale":"es_ES","og_type":"article","og_title":"Blog - Brent Harsh Law","og_description":"En el blog de Coulter Harsh encontrar\u00e1 muchos recursos sobre accidentes de tr\u00e1fico, lesiones personales y asuntos relacionados.","og_url":"https:\/\/brentharshlaw.com\/es\/blog\/","og_site_name":"Brent Harsh Law","article_modified_time":"2024-01-21T03:44:37+00:00","twitter_card":"summary_large_image","twitter_misc":{"Tiempo de lectura":"4 minutos"},"schema":{"@context":"https:\/\/schema.org","@graph":[{"@type":"WebPage","@id":"https:\/\/brentharshlaw.com\/es\/blog\/","url":"https:\/\/brentharshlaw.com\/es\/blog\/","name":"Blog - Brent Harsh Law","isPartOf":{"@id":"https:\/\/brentharshlaw.com\/es\/#website"},"datePublished":"2024-01-21T03:44:26+00:00","dateModified":"2024-01-21T03:44:37+00:00","description":"En el blog de Coulter Harsh encontrar\u00e1 muchos recursos sobre accidentes de tr\u00e1fico, lesiones personales y asuntos relacionados.","breadcrumb":{"@id":"https:\/\/brentharshlaw.com\/es\/blog\/#breadcrumb"},"inLanguage":"es","potentialAction":[{"@type":"ReadAction","target":["https:\/\/brentharshlaw.com\/es\/blog\/"]}]},{"@type":"BreadcrumbList","@id":"https:\/\/brentharshlaw.com\/es\/blog\/#breadcrumb","itemListElement":[{"@type":"ListItem","position":1,"name":"Home","item":"https:\/\/brentharshlaw.com\/es\/inicio-nuevo\/"},{"@type":"ListItem","position":2,"name":"Blog"}]},{"@type":"WebSite","@id":"https:\/\/brentharshlaw.com\/es\/#website","url":"https:\/\/brentharshlaw.com\/es\/","name":"Brent Harsh Law","description":"","publisher":{"@id":"https:\/\/brentharshlaw.com\/es\/#organization"},"alternateName":"Personal Injury Attorneys","potentialAction":[{"@type":"SearchAction","target":{"@type":"EntryPoint","urlTemplate":"https:\/\/brentharshlaw.com\/es\/?s={search_term_string}"},"query-input":{"@type":"PropertyValueSpecification","valueRequired":true,"valueName":"search_term_string"}}],"inLanguage":"es"},{"@type":"Organization","@id":"https:\/\/brentharshlaw.com\/es\/#organization","name":"Brent Harsh Law","url":"https:\/\/brentharshlaw.com\/es\/","logo":{"@type":"ImageObject","inLanguage":"es","@id":"https:\/\/brentharshlaw.com\/es\/#\/schema\/logo\/image\/","url":"https:\/\/brentharshlaw.com\/wp-content\/uploads\/2023\/11\/Brent-Harsh-Law-Logo-blue.png","contentUrl":"https:\/\/brentharshlaw.com\/wp-content\/uploads\/2023\/11\/Brent-Harsh-Law-Logo-blue.png","width":1636,"height":508,"caption":"Brent Harsh Law"},"image":{"@id":"https:\/\/brentharshlaw.com\/es\/#\/schema\/logo\/image\/"}}]}},"_links":{"self":[{"href":"https:\/\/brentharshlaw.com\/es\/wp-json\/wp\/v2\/pages\/3118","targetHints":{"allow":["GET"]}}],"collection":[{"href":"https:\/\/brentharshlaw.com\/es\/wp-json\/wp\/v2\/pages"}],"about":[{"href":"https:\/\/brentharshlaw.com\/es\/wp-json\/wp\/v2\/types\/page"}],"author":[{"embeddable":true,"href":"https:\/\/brentharshlaw.com\/es\/wp-json\/wp\/v2\/users\/3"}],"replies":[{"embeddable":true,"href":"https:\/\/brentharshlaw.com\/es\/wp-json\/wp\/v2\/comments?post=3118"}],"version-history":[{"count":0,"href":"https:\/\/brentharshlaw.com\/es\/wp-json\/wp\/v2\/pages\/3118\/revisions"}],"wp:attachment":[{"href":"https:\/\/brentharshlaw.com\/es\/wp-json\/wp\/v2\/media?parent=3118"}],"curies":[{"name":"wp","href":"https:\/\/api.w.org\/{rel}","templated":true}]}}